{"id":7411,"date":"2022-06-22T12:22:47","date_gmt":"2022-06-22T12:22:47","guid":{"rendered":"https:\/\/xlrecycling.com\/mentions-legales\/"},"modified":"2022-06-24T14:24:11","modified_gmt":"2022-06-24T14:24:11","slug":"legals","status":"publish","type":"page","link":"https:\/\/xlrecycling.com\/en\/legals\/","title":{"rendered":"Legals"},"content":{"rendered":"<p>[vc_row bg_position=&#8221;center center&#8221; enable_overlay=&#8221;yes&#8221; enable_loading_bg=&#8221;yes&#8221; css=&#8221;.vc_custom_1655738541270{padding-top: 200px !important;padding-bottom: 110px !important;background-color: #33336e !important;background-position: center !important;background-repeat: no-repeat !important;background-size: cover !important;}&#8221; overlay_bg=&#8221;rgba(47, 49, 123, 0.3)&#8221;][vc_column align=&#8221;text-center&#8221; offset=&#8221;vc_col-md-offset-1 vc_col-md-10&#8243; css=&#8221;.vc_custom_1655306963457{padding-right: 30px !important;padding-left: 30px !important;background-position: 0 0 !important;background-repeat: no-repeat !important;}&#8221; responsive_align=&#8221;text-center&#8221;]<style>.ld_fancy_heading_69e74ccfe1d9b h1{color:rgb(255, 255, 255);}.ld_fancy_heading_69e74ccfe1d9b h1 {font-size:40px; } @media (min-width: 768px) { .ld_fancy_heading_69e74ccfe1d9b h1 {font-size:50px; }  } @media (min-width: 992px) { .ld_fancy_heading_69e74ccfe1d9b h1 {font-size:50px; }  } @media (min-width: 1200px) { .ld_fancy_heading_69e74ccfe1d9b h1 {font-size:50px; }  } .ld_fancy_heading_69e74ccfe1d9b h1 {line-height:1.1em; } .ld_fancy_heading_69e74ccfe1d9b h1 {--element-line-height:1.1em; } .ld_fancy_heading_69e74ccfe1d9b h1 {font-weight:700; } .ld_fancy_heading_69e74ccfe1d9b h1 {letter-spacing:-0.02em; } .ld_fancy_heading_69e74ccfe1d9b h1 {margin-bottom:30px !important;  } .ld_fancy_heading_69e74ccfe1d9b .lqd-highlight-inner svg{height:0.275em!important;}.ld_fancy_heading_69e74ccfe1d9b h1 {font-size:40px; } @media (min-width: 768px) { .ld_fancy_heading_69e74ccfe1d9b h1 {font-size:50px; }  } @media (min-width: 992px) { .ld_fancy_heading_69e74ccfe1d9b h1 {font-size:50px; }  } @media (min-width: 1200px) { .ld_fancy_heading_69e74ccfe1d9b h1 {font-size:50px; }  } .ld_fancy_heading_69e74ccfe1d9b h1 {line-height:1.1em; } .ld_fancy_heading_69e74ccfe1d9b h1 {--element-line-height:1.1em; } .ld_fancy_heading_69e74ccfe1d9b h1 {font-weight:700; } .ld_fancy_heading_69e74ccfe1d9b h1 {letter-spacing:-0.02em; } .ld_fancy_heading_69e74ccfe1d9b h1 {margin-bottom:30px !important;  } .ld_fancy_heading_69e74ccfe1d9b .lqd-highlight-inner{bottom:0px!important;}.ld_fancy_heading_69e74ccfe1d9b h1 {font-size:40px; } @media (min-width: 768px) { .ld_fancy_heading_69e74ccfe1d9b h1 {font-size:50px; }  } @media (min-width: 992px) { .ld_fancy_heading_69e74ccfe1d9b h1 {font-size:50px; }  } @media (min-width: 1200px) { .ld_fancy_heading_69e74ccfe1d9b h1 {font-size:50px; }  } .ld_fancy_heading_69e74ccfe1d9b h1 {line-height:1.1em; } .ld_fancy_heading_69e74ccfe1d9b h1 {--element-line-height:1.1em; } .ld_fancy_heading_69e74ccfe1d9b h1 {font-weight:700; } .ld_fancy_heading_69e74ccfe1d9b h1 {letter-spacing:-0.02em; } .ld_fancy_heading_69e74ccfe1d9b h1 {margin-bottom:30px !important;  } <\/style><div class=\"ld-fancy-heading ld_fancy_heading_69e74ccfe1d9b\">\n\t<h1 class=\"ld-fh-element lqd-highlight-custom-underline lqd-highlight-grow-left text-decoration-default lqd-split-chars h1\"   data-split-text=\"true\" data-split-options='{\"type\":\"chars, words\"}' data-custom-animations=\"true\" data-ca-options='{\"triggerHandler\":\"inview\",\"animationTarget\":\".lqd-chars > .split-inner\",\"duration\":\"1300\",\"delay\":\"70\",\"ease\":\"power4.out\",\"direction\":\"forward\",\"initValues\":{\"rotationZ\":3,\"opacity\":0},\"animations\":{\"rotationZ\":0,\"opacity\":1}}'>  Mentions l\u00e9gales<\/h1><\/div>[\/vc_column][\/vc_row][vc_row content_placement=&#8221;middle&#8221; css=&#8221;.vc_custom_1655900519781{padding-top: 70px !important;}&#8221;][vc_column enable_content_animation=&#8221;yes&#8221; ca_init_scale_x=&#8221;1&#8243; ca_init_scale_y=&#8221;1&#8243; ca_init_opacity=&#8221;0&#8243; ca_an_scale_x=&#8221;1&#8243; ca_an_scale_y=&#8221;1&#8243; ca_an_opacity=&#8221;1&#8243; ca_init_scale_z=&#8221;1&#8243; ca_an_scale_z=&#8221;1&#8243; align=&#8221;text-center&#8221; offset=&#8221;vc_col-lg-offset-2 vc_col-lg-8 vc_col-md-offset-2 vc_col-md-8&#8243; ca_duration=&#8221;1800&#8243; ca_delay=&#8221;180&#8243; ca_init_translate_y=&#8221;30&#8243; css=&#8221;.vc_custom_1655900769786{padding-right: 40px !important;padding-left: 40px !important;}&#8221; responsive_align=&#8221;text-center&#8221;]<style>.ld_fancy_heading_69e74ccfe2faa h6{color:rgb(46, 49, 123);}.ld_fancy_heading_69e74ccfe2faa h6 {font-size:14px; } .ld_fancy_heading_69e74ccfe2faa h6 {line-height:17px; } .ld_fancy_heading_69e74ccfe2faa h6 {--element-line-height:17px; } .ld_fancy_heading_69e74ccfe2faa h6 {letter-spacing:0.1em; } .ld_fancy_heading_69e74ccfe2faa h6 {margin-bottom:1.8em !important;  } .ld_fancy_heading_69e74ccfe2faa .lqd-highlight-inner{height:0.275em!important;bottom:0px!important;}.ld_fancy_heading_69e74ccfe2faa h6 {font-size:14px; } .ld_fancy_heading_69e74ccfe2faa h6 {line-height:17px; } .ld_fancy_heading_69e74ccfe2faa h6 {--element-line-height:17px; } .ld_fancy_heading_69e74ccfe2faa h6 {letter-spacing:0.1em; } .ld_fancy_heading_69e74ccfe2faa h6 {margin-bottom:1.8em !important;  } <\/style><div class=\"ld-fancy-heading text-uppercase ld_fancy_heading_69e74ccfe2faa\">\n\t<h6 class=\"ld-fh-element lqd-highlight-underline lqd-highlight-grow-left text-decoration-default\"   >  Avant-propos<\/h6><\/div><style>.ld_fancy_heading_69e74ccfe39d6 .lqd-highlight-inner{height:0.275em!important;bottom:0px!important;}<\/style><div class=\"ld-fancy-heading ld_fancy_heading_69e74ccfe39d6\">\n\t<p class=\"ld-fh-element lqd-highlight-underline lqd-highlight-grow-left text-decoration-default\"   >  Pour une meilleure navigation sur nos pages web et sur Internet de mani\u00e8re g\u00e9n\u00e9rale, nous vous recommandons de mettre \u00e0 jour les versions de Flash player et de Java sur votre ordinateur. Nous recommandons aussi l\u2019utilisation d\u2019un navigateur Internet r\u00e9cent et optimis\u00e9 tel que <a href=\"https:\/\/www.mozilla.org\/fr\/firefox\/new\/\" target=\"_blank\" rel=\"noopener\">Mozilla Firefox<\/a> ou <a href=\"https:\/\/www.google.fr\/chrome\/\" target=\"_blank\" rel=\"noopener\">Google Chrome<\/a> pour l\u2019affichage de certaines pages travaillant avec les derni\u00e8res technologies du d\u00e9veloppement web.<\/p><\/div>[\/vc_column][\/vc_row][vc_row content_placement=&#8221;middle&#8221; css=&#8221;.vc_custom_1655900594564{padding-top: 40px !important;}&#8221;][vc_column enable_content_animation=&#8221;yes&#8221; ca_init_scale_x=&#8221;1&#8243; ca_init_scale_y=&#8221;1&#8243; ca_init_opacity=&#8221;0&#8243; ca_an_scale_x=&#8221;1&#8243; ca_an_scale_y=&#8221;1&#8243; ca_an_opacity=&#8221;1&#8243; ca_init_scale_z=&#8221;1&#8243; ca_an_scale_z=&#8221;1&#8243; align=&#8221;text-center&#8221; offset=&#8221;vc_col-lg-offset-2 vc_col-lg-8 vc_col-md-offset-2 vc_col-md-8&#8243; ca_duration=&#8221;1800&#8243; ca_delay=&#8221;180&#8243; ca_init_translate_y=&#8221;30&#8243; css=&#8221;.vc_custom_1655900766090{padding-right: 40px !important;padding-left: 40px !important;}&#8221; responsive_align=&#8221;text-center&#8221;]<style>.ld_fancy_heading_69e74ccfe4095 h6{color:rgb(46, 49, 123);}.ld_fancy_heading_69e74ccfe4095 h6 {font-size:14px; } .ld_fancy_heading_69e74ccfe4095 h6 {line-height:17px; } .ld_fancy_heading_69e74ccfe4095 h6 {--element-line-height:17px; } .ld_fancy_heading_69e74ccfe4095 h6 {letter-spacing:0.1em; } .ld_fancy_heading_69e74ccfe4095 h6 {margin-bottom:1.8em !important;  } .ld_fancy_heading_69e74ccfe4095 .lqd-highlight-inner{height:0.275em!important;bottom:0px!important;}.ld_fancy_heading_69e74ccfe4095 h6 {font-size:14px; } .ld_fancy_heading_69e74ccfe4095 h6 {line-height:17px; } .ld_fancy_heading_69e74ccfe4095 h6 {--element-line-height:17px; } .ld_fancy_heading_69e74ccfe4095 h6 {letter-spacing:0.1em; } .ld_fancy_heading_69e74ccfe4095 h6 {margin-bottom:1.8em !important;  } <\/style><div class=\"ld-fancy-heading text-uppercase ld_fancy_heading_69e74ccfe4095\">\n\t<h6 class=\"ld-fh-element lqd-highlight-underline lqd-highlight-grow-left text-decoration-default\"   >  Traitement des donn\u00e9es personnelles<\/h6><\/div><style>.ld_fancy_heading_69e74ccfe4951 .lqd-highlight-inner{height:0.275em!important;bottom:0px!important;}<\/style><div class=\"ld-fancy-heading ld_fancy_heading_69e74ccfe4951\">\n\t<p class=\"ld-fh-element lqd-highlight-underline lqd-highlight-grow-left text-decoration-default\"   >  Les informations recueillies font l\u2019objet d\u2019un traitement informatique destin\u00e9 \u00e0 l\u2019envoi de devis et \u00e0 la mise en relation avec le client. Le destinataire des donn\u00e9es recueillies est xlrecycling.com.<\/p>\n<p>Conform\u00e9ment \u00e0 la loi \u00ab informatique et libert\u00e9s \u00bb du 6 janvier 1978 modifi\u00e9e en 2004, vous b\u00e9n\u00e9ficiez d\u2019un droit d\u2019acc\u00e8s et de rectification aux informations qui vous concernent, que vous pouvez exercer en nous contactant via notre formulaire de contact.<\/p>\n<p>Vous pouvez \u00e9galement, pour des motifs l\u00e9gitimes, vous opposer au traitement des donn\u00e9es vous concernant.<\/p><\/div>[\/vc_column][\/vc_row][vc_row content_placement=&#8221;middle&#8221; css=&#8221;.vc_custom_1655900594564{padding-top: 40px !important;}&#8221;][vc_column enable_content_animation=&#8221;yes&#8221; ca_init_scale_x=&#8221;1&#8243; ca_init_scale_y=&#8221;1&#8243; ca_init_opacity=&#8221;0&#8243; ca_an_scale_x=&#8221;1&#8243; ca_an_scale_y=&#8221;1&#8243; ca_an_opacity=&#8221;1&#8243; ca_init_scale_z=&#8221;1&#8243; ca_an_scale_z=&#8221;1&#8243; align=&#8221;text-center&#8221; offset=&#8221;vc_col-lg-offset-2 vc_col-lg-8 vc_col-md-offset-2 vc_col-md-8&#8243; ca_duration=&#8221;1800&#8243; ca_delay=&#8221;180&#8243; ca_init_translate_y=&#8221;30&#8243; css=&#8221;.vc_custom_1655900762398{padding-right: 40px !important;padding-left: 40px !important;}&#8221; responsive_align=&#8221;text-center&#8221;]<style>.ld_fancy_heading_69e74ccfe5001 h6{color:rgb(46, 49, 123);}.ld_fancy_heading_69e74ccfe5001 h6 {font-size:14px; } .ld_fancy_heading_69e74ccfe5001 h6 {line-height:17px; } .ld_fancy_heading_69e74ccfe5001 h6 {--element-line-height:17px; } .ld_fancy_heading_69e74ccfe5001 h6 {letter-spacing:0.1em; } .ld_fancy_heading_69e74ccfe5001 h6 {margin-bottom:1.8em !important;  } .ld_fancy_heading_69e74ccfe5001 .lqd-highlight-inner{height:0.275em!important;bottom:0px!important;}.ld_fancy_heading_69e74ccfe5001 h6 {font-size:14px; } .ld_fancy_heading_69e74ccfe5001 h6 {line-height:17px; } .ld_fancy_heading_69e74ccfe5001 h6 {--element-line-height:17px; } .ld_fancy_heading_69e74ccfe5001 h6 {letter-spacing:0.1em; } .ld_fancy_heading_69e74ccfe5001 h6 {margin-bottom:1.8em !important;  } <\/style><div class=\"ld-fancy-heading text-uppercase ld_fancy_heading_69e74ccfe5001\">\n\t<h6 class=\"ld-fh-element lqd-highlight-underline lqd-highlight-grow-left text-decoration-default\"   >  Clause de non-responsabilit\u00e9<\/h6><\/div><style>.ld_fancy_heading_69e74ccfe58de .lqd-highlight-inner{height:0.275em!important;bottom:0px!important;}<\/style><div class=\"ld-fancy-heading ld_fancy_heading_69e74ccfe58de\">\n\t<p class=\"ld-fh-element lqd-highlight-underline lqd-highlight-grow-left text-decoration-default\"   >  Le site xlrecycling.com peut proposer des liens vers d\u2019autres sites. Ces pages web dont les adresses sont r\u00e9guli\u00e8rement v\u00e9rifi\u00e9es ne font pas partie du site xlrecycling.com et n\u2019engagent pas la responsabilit\u00e9 du directeur de la publication quant au contenu de ces sites.<\/p>\n<p>Il appartient \u00e0 l\u2019utilisateur du pr\u00e9sent site de prendre toutes les mesures appropri\u00e9es de fa\u00e7on \u00e0 prot\u00e9ger ses propres donn\u00e9es et\/ou logiciels de la contamination par d\u2019\u00e9ventuels virus circulant sur le r\u00e9seau Internet. De mani\u00e8re g\u00e9n\u00e9rale, xlrecycling.com d\u00e9cline toute responsabilit\u00e9 \u00e0 un \u00e9ventuel dommage survenu pendant la consultation du pr\u00e9sent site.<\/p><\/div>[\/vc_column][\/vc_row][vc_row content_placement=&#8221;middle&#8221; css=&#8221;.vc_custom_1655900594564{padding-top: 40px !important;}&#8221;][vc_column enable_content_animation=&#8221;yes&#8221; ca_init_scale_x=&#8221;1&#8243; ca_init_scale_y=&#8221;1&#8243; ca_init_opacity=&#8221;0&#8243; ca_an_scale_x=&#8221;1&#8243; ca_an_scale_y=&#8221;1&#8243; ca_an_opacity=&#8221;1&#8243; ca_init_scale_z=&#8221;1&#8243; ca_an_scale_z=&#8221;1&#8243; align=&#8221;text-center&#8221; offset=&#8221;vc_col-lg-offset-2 vc_col-lg-8 vc_col-md-offset-2 vc_col-md-8&#8243; ca_duration=&#8221;1800&#8243; ca_delay=&#8221;180&#8243; ca_init_translate_y=&#8221;30&#8243; css=&#8221;.vc_custom_1655900780474{padding-right: 40px !important;padding-left: 40px !important;}&#8221; responsive_align=&#8221;text-center&#8221;]<style>.ld_fancy_heading_69e74ccfe5f6c h6{color:rgb(46, 49, 123);}.ld_fancy_heading_69e74ccfe5f6c h6 {font-size:14px; } .ld_fancy_heading_69e74ccfe5f6c h6 {line-height:17px; } .ld_fancy_heading_69e74ccfe5f6c h6 {--element-line-height:17px; } .ld_fancy_heading_69e74ccfe5f6c h6 {letter-spacing:0.1em; } .ld_fancy_heading_69e74ccfe5f6c h6 {margin-bottom:1.8em !important;  } .ld_fancy_heading_69e74ccfe5f6c .lqd-highlight-inner{height:0.275em!important;bottom:0px!important;}.ld_fancy_heading_69e74ccfe5f6c h6 {font-size:14px; } .ld_fancy_heading_69e74ccfe5f6c h6 {line-height:17px; } .ld_fancy_heading_69e74ccfe5f6c h6 {--element-line-height:17px; } .ld_fancy_heading_69e74ccfe5f6c h6 {letter-spacing:0.1em; } .ld_fancy_heading_69e74ccfe5f6c h6 {margin-bottom:1.8em !important;  } <\/style><div class=\"ld-fancy-heading text-uppercase ld_fancy_heading_69e74ccfe5f6c\">\n\t<h6 class=\"ld-fh-element lqd-highlight-underline lqd-highlight-grow-left text-decoration-default\"   >  Droits d\u2019auteur &amp; copyright<\/h6><\/div><style>.ld_fancy_heading_69e74ccfe68ab .lqd-highlight-inner{height:0.275em!important;bottom:0px!important;}<\/style><div class=\"ld-fancy-heading ld_fancy_heading_69e74ccfe68ab\">\n\t<p class=\"ld-fh-element lqd-highlight-underline lqd-highlight-grow-left text-decoration-default\"   >  La reproduction de tout ou partie de ce site sur un support \u00e9lectronique quel qu\u2019il soit est formellement interdite, sauf autorisation expresse du directeur de la publication. Toutes les marques cit\u00e9es appartiennent \u00e0 leurs compagnies respectives. Toutes les affiches, les logos, et les images cit\u00e9s dans ces pages sont la propri\u00e9t\u00e9 de leur marque respective. Les articles sont la propri\u00e9t\u00e9 de leurs auteurs.<\/p>\n<p>Certaines ic\u00f4nes pr\u00e9sentes sur le site ont \u00e9t\u00e9 con\u00e7ues par <a href=\"https:\/\/www.flaticon.com\/authors\/freepik\">Freepik <\/a>du site <a href=\"https:\/\/www.flaticon.com\/\">www.flaticon.com<\/a>.<\/p>\n<p>Certains vecteurs pr\u00e9sents sur le site ont \u00e9t\u00e9 con\u00e7us par <a href=\"https:\/\/fr.freepik.com\/auteur\/stories\">Stories<\/a> du site<a href=\"https:\/\/fr.freepik.com\/\"> www.freepik.com<\/a>.<\/p><\/div>[\/vc_column][\/vc_row][vc_row content_placement=&#8221;middle&#8221; css=&#8221;.vc_custom_1655900734883{padding-top: 40px !important;padding-bottom: 70px !important;}&#8221;][vc_column enable_content_animation=&#8221;yes&#8221; ca_init_scale_x=&#8221;1&#8243; ca_init_scale_y=&#8221;1&#8243; ca_init_opacity=&#8221;0&#8243; ca_an_scale_x=&#8221;1&#8243; ca_an_scale_y=&#8221;1&#8243; ca_an_opacity=&#8221;1&#8243; ca_init_scale_z=&#8221;1&#8243; ca_an_scale_z=&#8221;1&#8243; align=&#8221;text-center&#8221; offset=&#8221;vc_col-lg-offset-2 vc_col-lg-8 vc_col-md-offset-2 vc_col-md-8&#8243; ca_duration=&#8221;1800&#8243; ca_delay=&#8221;180&#8243; ca_init_translate_y=&#8221;30&#8243; css=&#8221;.vc_custom_1655900777674{padding-right: 40px !important;padding-left: 40px !important;}&#8221; responsive_align=&#8221;text-center&#8221;]<style>.ld_fancy_heading_69e74ccfe6f75 h6{color:rgb(46, 49, 123);}.ld_fancy_heading_69e74ccfe6f75 h6 {font-size:14px; } .ld_fancy_heading_69e74ccfe6f75 h6 {line-height:17px; } .ld_fancy_heading_69e74ccfe6f75 h6 {--element-line-height:17px; } .ld_fancy_heading_69e74ccfe6f75 h6 {letter-spacing:0.1em; } .ld_fancy_heading_69e74ccfe6f75 h6 {margin-bottom:1.8em !important;  } .ld_fancy_heading_69e74ccfe6f75 .lqd-highlight-inner{height:0.275em!important;bottom:0px!important;}.ld_fancy_heading_69e74ccfe6f75 h6 {font-size:14px; } .ld_fancy_heading_69e74ccfe6f75 h6 {line-height:17px; } .ld_fancy_heading_69e74ccfe6f75 h6 {--element-line-height:17px; } .ld_fancy_heading_69e74ccfe6f75 h6 {letter-spacing:0.1em; } .ld_fancy_heading_69e74ccfe6f75 h6 {margin-bottom:1.8em !important;  } <\/style><div class=\"ld-fancy-heading text-uppercase ld_fancy_heading_69e74ccfe6f75\">\n\t<h6 class=\"ld-fh-element lqd-highlight-underline lqd-highlight-grow-left text-decoration-default\"   >  H\u00e9bergement<\/h6><\/div><style>.ld_fancy_heading_69e74ccfe782f .lqd-highlight-inner{height:0.275em!important;bottom:0px!important;}<\/style><div class=\"ld-fancy-heading ld_fancy_heading_69e74ccfe782f\">\n\t<p class=\"ld-fh-element lqd-highlight-underline lqd-highlight-grow-left text-decoration-default\"   >  Soci\u00e9t\u00e9 OVH<br \/>\n140 Quai du Sartel<br \/>\n59100 Roubaix \u2013 France<br \/>\n<a href=\"http:\/\/www.ovh.com\">http:\/\/www.ovh.com<\/a><\/p><\/div>[\/vc_column][\/vc_row]<\/p>\n","protected":false},"excerpt":{"rendered":"<p>[vc_row bg_position=&#8221;center center&#8221; enable_overlay=&#8221;yes&#8221; enable_loading_bg=&#8221;yes&#8221; css=&#8221;.vc_custom_1655738541270{padding-top: 200px !important;padding-bottom: 110px !important;background-color: #33336e !important;background-position: center !important;background-repeat: no-repeat !important;background-size: cover !important;}&#8221; overlay_bg=&#8221;rgba(47, 49, 123, 0.3)&#8221;][vc_column align=&#8221;text-center&#8221; offset=&#8221;vc_col-md-offset-1 vc_col-md-10&#8243; css=&#8221;.vc_custom_1655306963457{padding-right: 30px !important;padding-left: 30px !important;background-position: 0 0 !important;background-repeat: no-repeat !important;}&#8221; responsive_align=&#8221;text-center&#8221;][\/vc_column][\/vc_row][vc_row content_placement=&#8221;middle&#8221; css=&#8221;.vc_custom_1655900519781{padding-top: 70px !important;}&#8221;][vc_column enable_content_animation=&#8221;yes&#8221; ca_init_scale_x=&#8221;1&#8243; ca_init_scale_y=&#8221;1&#8243; ca_init_opacity=&#8221;0&#8243; ca_an_scale_x=&#8221;1&#8243; ca_an_scale_y=&#8221;1&#8243; ca_an_opacity=&#8221;1&#8243; ca_init_scale_z=&#8221;1&#8243; ca_an_scale_z=&#8221;1&#8243; align=&#8221;text-center&#8221; offset=&#8221;vc_col-lg-offset-2 vc_col-lg-8 vc_col-md-offset-2 vc_col-md-8&#8243; ca_duration=&#8221;1800&#8243; [&hellip;]<\/p>\n","protected":false},"author":1,"featured_media":0,"parent":0,"menu_order":0,"comment_status":"closed","ping_status":"closed","template":"","meta":[],"yoast_head":"<!-- This site is optimized with the Yoast SEO plugin v19.1 - https:\/\/yoast.com\/wordpress\/plugins\/seo\/ -->\n<title>Legals - XLRecycling<\/title>\n<meta name=\"robots\" content=\"noindex, follow\" \/>\n<meta property=\"og:locale\" content=\"en_US\" \/>\n<meta property=\"og:type\" content=\"article\" \/>\n<meta property=\"og:title\" content=\"Legals - XLRecycling\" \/>\n<meta property=\"og:description\" content=\"[vc_row bg_position=&#8221;center center&#8221; enable_overlay=&#8221;yes&#8221; enable_loading_bg=&#8221;yes&#8221; css=&#8221;.vc_custom_1655738541270{padding-top: 200px !important;padding-bottom: 110px !important;background-color: #33336e !important;background-position: center !important;background-repeat: no-repeat !important;background-size: cover !important;}&#8221; overlay_bg=&#8221;rgba(47, 49, 123, 0.3)&#8221;][vc_column align=&#8221;text-center&#8221; offset=&#8221;vc_col-md-offset-1 vc_col-md-10&#8243; css=&#8221;.vc_custom_1655306963457{padding-right: 30px !important;padding-left: 30px !important;background-position: 0 0 !important;background-repeat: no-repeat !important;}&#8221; responsive_align=&#8221;text-center&#8221;][\/vc_column][\/vc_row][vc_row content_placement=&#8221;middle&#8221; css=&#8221;.vc_custom_1655900519781{padding-top: 70px !important;}&#8221;][vc_column enable_content_animation=&#8221;yes&#8221; ca_init_scale_x=&#8221;1&#8243; ca_init_scale_y=&#8221;1&#8243; ca_init_opacity=&#8221;0&#8243; ca_an_scale_x=&#8221;1&#8243; ca_an_scale_y=&#8221;1&#8243; ca_an_opacity=&#8221;1&#8243; ca_init_scale_z=&#8221;1&#8243; ca_an_scale_z=&#8221;1&#8243; align=&#8221;text-center&#8221; offset=&#8221;vc_col-lg-offset-2 vc_col-lg-8 vc_col-md-offset-2 vc_col-md-8&#8243; ca_duration=&#8221;1800&#8243; [&hellip;]\" \/>\n<meta property=\"og:url\" content=\"https:\/\/xlrecycling.com\/en\/legals\/\" \/>\n<meta property=\"og:site_name\" content=\"XLRecycling\" \/>\n<meta property=\"article:modified_time\" content=\"2022-06-24T14:24:11+00:00\" \/>\n<meta name=\"twitter:card\" content=\"summary_large_image\" \/>\n<meta name=\"twitter:label1\" content=\"Est. reading time\" \/>\n\t<meta name=\"twitter:data1\" content=\"4 minutes\" \/>\n<script type=\"application\/ld+json\" class=\"yoast-schema-graph\">{\"@context\":\"https:\/\/schema.org\",\"@graph\":[{\"@type\":\"Organization\",\"@id\":\"https:\/\/xlrecycling.com\/#organization\",\"name\":\"XL Recycling\",\"url\":\"https:\/\/xlrecycling.com\/\",\"sameAs\":[],\"logo\":{\"@type\":\"ImageObject\",\"inLanguage\":\"en-US\",\"@id\":\"https:\/\/xlrecycling.com\/#\/schema\/logo\/image\/\",\"url\":\"https:\/\/xlrecycling.com\/wp-content\/uploads\/2026\/04\/202106_LogoRVB_XLR-3.png\",\"contentUrl\":\"https:\/\/xlrecycling.com\/wp-content\/uploads\/2026\/04\/202106_LogoRVB_XLR-3.png\",\"width\":3813,\"height\":1085,\"caption\":\"XL Recycling\"},\"image\":{\"@id\":\"https:\/\/xlrecycling.com\/#\/schema\/logo\/image\/\"}},{\"@type\":\"WebSite\",\"@id\":\"https:\/\/xlrecycling.com\/#website\",\"url\":\"https:\/\/xlrecycling.com\/\",\"name\":\"XLRecycling\",\"description\":\"Expert du recyclage des films plastiques en poly\u00e9thyl\u00e8ne\",\"publisher\":{\"@id\":\"https:\/\/xlrecycling.com\/#organization\"},\"potentialAction\":[{\"@type\":\"SearchAction\",\"target\":{\"@type\":\"EntryPoint\",\"urlTemplate\":\"https:\/\/xlrecycling.com\/?s={search_term_string}\"},\"query-input\":\"required name=search_term_string\"}],\"inLanguage\":\"en-US\"},{\"@type\":\"WebPage\",\"@id\":\"https:\/\/xlrecycling.com\/en\/legals\/#webpage\",\"url\":\"https:\/\/xlrecycling.com\/en\/legals\/\",\"name\":\"Legals - XLRecycling\",\"isPartOf\":{\"@id\":\"https:\/\/xlrecycling.com\/#website\"},\"datePublished\":\"2022-06-22T12:22:47+00:00\",\"dateModified\":\"2022-06-24T14:24:11+00:00\",\"breadcrumb\":{\"@id\":\"https:\/\/xlrecycling.com\/en\/legals\/#breadcrumb\"},\"inLanguage\":\"en-US\",\"potentialAction\":[{\"@type\":\"ReadAction\",\"target\":[\"https:\/\/xlrecycling.com\/en\/legals\/\"]}]},{\"@type\":\"BreadcrumbList\",\"@id\":\"https:\/\/xlrecycling.com\/en\/legals\/#breadcrumb\",\"itemListElement\":[{\"@type\":\"ListItem\",\"position\":1,\"name\":\"Accueil\",\"item\":\"https:\/\/xlrecycling.com\/\"},{\"@type\":\"ListItem\",\"position\":2,\"name\":\"Legals\"}]}]}<\/script>\n<!-- \/ Yoast SEO plugin. -->","yoast_head_json":{"title":"Legals - XLRecycling","robots":{"index":"noindex","follow":"follow"},"og_locale":"en_US","og_type":"article","og_title":"Legals - XLRecycling","og_description":"[vc_row bg_position=&#8221;center center&#8221; enable_overlay=&#8221;yes&#8221; enable_loading_bg=&#8221;yes&#8221; css=&#8221;.vc_custom_1655738541270{padding-top: 200px !important;padding-bottom: 110px !important;background-color: #33336e !important;background-position: center !important;background-repeat: no-repeat !important;background-size: cover !important;}&#8221; overlay_bg=&#8221;rgba(47, 49, 123, 0.3)&#8221;][vc_column align=&#8221;text-center&#8221; offset=&#8221;vc_col-md-offset-1 vc_col-md-10&#8243; css=&#8221;.vc_custom_1655306963457{padding-right: 30px !important;padding-left: 30px !important;background-position: 0 0 !important;background-repeat: no-repeat !important;}&#8221; responsive_align=&#8221;text-center&#8221;][\/vc_column][\/vc_row][vc_row content_placement=&#8221;middle&#8221; css=&#8221;.vc_custom_1655900519781{padding-top: 70px !important;}&#8221;][vc_column enable_content_animation=&#8221;yes&#8221; ca_init_scale_x=&#8221;1&#8243; ca_init_scale_y=&#8221;1&#8243; ca_init_opacity=&#8221;0&#8243; ca_an_scale_x=&#8221;1&#8243; ca_an_scale_y=&#8221;1&#8243; ca_an_opacity=&#8221;1&#8243; ca_init_scale_z=&#8221;1&#8243; ca_an_scale_z=&#8221;1&#8243; align=&#8221;text-center&#8221; offset=&#8221;vc_col-lg-offset-2 vc_col-lg-8 vc_col-md-offset-2 vc_col-md-8&#8243; ca_duration=&#8221;1800&#8243; [&hellip;]","og_url":"https:\/\/xlrecycling.com\/en\/legals\/","og_site_name":"XLRecycling","article_modified_time":"2022-06-24T14:24:11+00:00","twitter_card":"summary_large_image","twitter_misc":{"Est. reading time":"4 minutes"},"schema":{"@context":"https:\/\/schema.org","@graph":[{"@type":"Organization","@id":"https:\/\/xlrecycling.com\/#organization","name":"XL Recycling","url":"https:\/\/xlrecycling.com\/","sameAs":[],"logo":{"@type":"ImageObject","inLanguage":"en-US","@id":"https:\/\/xlrecycling.com\/#\/schema\/logo\/image\/","url":"https:\/\/xlrecycling.com\/wp-content\/uploads\/2026\/04\/202106_LogoRVB_XLR-3.png","contentUrl":"https:\/\/xlrecycling.com\/wp-content\/uploads\/2026\/04\/202106_LogoRVB_XLR-3.png","width":3813,"height":1085,"caption":"XL Recycling"},"image":{"@id":"https:\/\/xlrecycling.com\/#\/schema\/logo\/image\/"}},{"@type":"WebSite","@id":"https:\/\/xlrecycling.com\/#website","url":"https:\/\/xlrecycling.com\/","name":"XLRecycling","description":"Expert du recyclage des films plastiques en poly\u00e9thyl\u00e8ne","publisher":{"@id":"https:\/\/xlrecycling.com\/#organization"},"potentialAction":[{"@type":"SearchAction","target":{"@type":"EntryPoint","urlTemplate":"https:\/\/xlrecycling.com\/?s={search_term_string}"},"query-input":"required name=search_term_string"}],"inLanguage":"en-US"},{"@type":"WebPage","@id":"https:\/\/xlrecycling.com\/en\/legals\/#webpage","url":"https:\/\/xlrecycling.com\/en\/legals\/","name":"Legals - XLRecycling","isPartOf":{"@id":"https:\/\/xlrecycling.com\/#website"},"datePublished":"2022-06-22T12:22:47+00:00","dateModified":"2022-06-24T14:24:11+00:00","breadcrumb":{"@id":"https:\/\/xlrecycling.com\/en\/legals\/#breadcrumb"},"inLanguage":"en-US","potentialAction":[{"@type":"ReadAction","target":["https:\/\/xlrecycling.com\/en\/legals\/"]}]},{"@type":"BreadcrumbList","@id":"https:\/\/xlrecycling.com\/en\/legals\/#breadcrumb","itemListElement":[{"@type":"ListItem","position":1,"name":"Accueil","item":"https:\/\/xlrecycling.com\/"},{"@type":"ListItem","position":2,"name":"Legals"}]}]}},"_links":{"self":[{"href":"https:\/\/xlrecycling.com\/en\/wp-json\/wp\/v2\/pages\/7411"}],"collection":[{"href":"https:\/\/xlrecycling.com\/en\/wp-json\/wp\/v2\/pages"}],"about":[{"href":"https:\/\/xlrecycling.com\/en\/wp-json\/wp\/v2\/types\/page"}],"author":[{"embeddable":true,"href":"https:\/\/xlrecycling.com\/en\/wp-json\/wp\/v2\/users\/1"}],"replies":[{"embeddable":true,"href":"https:\/\/xlrecycling.com\/en\/wp-json\/wp\/v2\/comments?post=7411"}],"version-history":[{"count":1,"href":"https:\/\/xlrecycling.com\/en\/wp-json\/wp\/v2\/pages\/7411\/revisions"}],"predecessor-version":[{"id":7412,"href":"https:\/\/xlrecycling.com\/en\/wp-json\/wp\/v2\/pages\/7411\/revisions\/7412"}],"wp:attachment":[{"href":"https:\/\/xlrecycling.com\/en\/wp-json\/wp\/v2\/media?parent=7411"}],"curies":[{"name":"wp","href":"https:\/\/api.w.org\/{rel}","templated":true}]}}