{"id":9055,"date":"2022-06-22T12:29:57","date_gmt":"2022-06-22T12:29:57","guid":{"rendered":"https:\/\/xlrecycling.com\/nous-rejoindre\/"},"modified":"2022-09-10T10:25:06","modified_gmt":"2022-09-10T10:25:06","slug":"dolacz-do-nas","status":"publish","type":"page","link":"https:\/\/xlrecycling.com\/pl\/dolacz-do-nas\/","title":{"rendered":"Do\u0142\u0105cz do nas"},"content":{"rendered":"<p>[vc_row bg_position=&#8221;center center&#8221; enable_overlay=&#8221;yes&#8221; enable_loading_bg=&#8221;yes&#8221; css=&#8221;.vc_custom_1656511494630{padding-top: 80px !important;padding-bottom: 80px !important;background-color: #33336e !important;background-position: center !important;background-repeat: no-repeat !important;background-size: cover !important;}&#8221; overlay_bg=&#8221;rgba(47, 49, 123, 0.3)&#8221; responsive_css=&#8221;padding_top_large:200px|padding_bottom_large:110px|padding_top_medium:200px|padding_bottom_medium:110px|padding_top_small:110px|padding_bottom_small:110px&#8221;][vc_column align=&#8221;text-center&#8221; offset=&#8221;vc_col-md-offset-1 vc_col-md-10&#8243; css=&#8221;.vc_custom_1655306963457{padding-right: 30px !important;padding-left: 30px !important;background-position: 0 0 !important;background-repeat: no-repeat !important;}&#8221; responsive_align=&#8221;text-center&#8221;]<style>.ld_fancy_heading_69e764106521c h1{color:rgb(255, 255, 255);}.ld_fancy_heading_69e764106521c h1 {font-size:40px; } @media (min-width: 768px) { .ld_fancy_heading_69e764106521c h1 {font-size:50px; }  } @media (min-width: 992px) { .ld_fancy_heading_69e764106521c h1 {font-size:50px; }  } @media (min-width: 1200px) { .ld_fancy_heading_69e764106521c h1 {font-size:50px; }  } .ld_fancy_heading_69e764106521c h1 {line-height:1.1em; } .ld_fancy_heading_69e764106521c h1 {--element-line-height:1.1em; } .ld_fancy_heading_69e764106521c h1 {font-weight:700; } .ld_fancy_heading_69e764106521c h1 {letter-spacing:-0.02em; } .ld_fancy_heading_69e764106521c h1 {margin-bottom:30px !important;  } .ld_fancy_heading_69e764106521c .lqd-highlight-inner svg{height:0.275em!important;}.ld_fancy_heading_69e764106521c h1 {font-size:40px; } @media (min-width: 768px) { .ld_fancy_heading_69e764106521c h1 {font-size:50px; }  } @media (min-width: 992px) { .ld_fancy_heading_69e764106521c h1 {font-size:50px; }  } @media (min-width: 1200px) { .ld_fancy_heading_69e764106521c h1 {font-size:50px; }  } .ld_fancy_heading_69e764106521c h1 {line-height:1.1em; } .ld_fancy_heading_69e764106521c h1 {--element-line-height:1.1em; } .ld_fancy_heading_69e764106521c h1 {font-weight:700; } .ld_fancy_heading_69e764106521c h1 {letter-spacing:-0.02em; } .ld_fancy_heading_69e764106521c h1 {margin-bottom:30px !important;  } .ld_fancy_heading_69e764106521c .lqd-highlight-inner{bottom:0px!important;}.ld_fancy_heading_69e764106521c h1 {font-size:40px; } @media (min-width: 768px) { .ld_fancy_heading_69e764106521c h1 {font-size:50px; }  } @media (min-width: 992px) { .ld_fancy_heading_69e764106521c h1 {font-size:50px; }  } @media (min-width: 1200px) { .ld_fancy_heading_69e764106521c h1 {font-size:50px; }  } .ld_fancy_heading_69e764106521c h1 {line-height:1.1em; } .ld_fancy_heading_69e764106521c h1 {--element-line-height:1.1em; } .ld_fancy_heading_69e764106521c h1 {font-weight:700; } .ld_fancy_heading_69e764106521c h1 {letter-spacing:-0.02em; } .ld_fancy_heading_69e764106521c h1 {margin-bottom:30px !important;  } <\/style><div class=\"ld-fancy-heading ld_fancy_heading_69e764106521c\">\n\t<h1 class=\"ld-fh-element lqd-highlight-custom-underline lqd-highlight-grow-left text-decoration-default lqd-split-chars h1\"   data-split-text=\"true\" data-split-options='{\"type\":\"chars, words\"}' data-custom-animations=\"true\" data-ca-options='{\"triggerHandler\":\"inview\",\"animationTarget\":\".lqd-chars > .split-inner\",\"duration\":\"1300\",\"delay\":\"70\",\"ease\":\"power4.out\",\"direction\":\"forward\",\"initValues\":{\"rotationZ\":3,\"opacity\":0},\"animations\":{\"rotationZ\":0,\"opacity\":1}}'>  Do\u0142\u0105cz do nas<\/h1><\/div>[\/vc_column][\/vc_row][vc_row css=&#8221;.vc_custom_1655901185668{padding-top: 70px !important;padding-right: 40px !important;padding-left: 40px !important;}&#8221;][vc_column width=&#8221;1\/6&#8243;][\/vc_column][vc_column width=&#8221;1\/4&#8243;][vc_single_image image=&#8221;6509&#8243; alignment=&#8221;left&#8221; css=&#8221;.vc_custom_1655901755685{margin-bottom: 0px !important;padding-bottom: 15px !important;}&#8221;][\/vc_column][vc_column width=&#8221;5\/12&#8243; css=&#8221;.vc_custom_1655901711619{border-bottom-width: 1px !important;padding-bottom: 70px !important;border-bottom-color: #33336e !important;border-bottom-style: solid !important;}&#8221;]<style>.ld_fancy_heading_69e7641066620 h6{color:rgb(51, 51, 110);}.ld_fancy_heading_69e7641066620 h6 {font-size:12px; } .ld_fancy_heading_69e7641066620 h6 {line-height:15px; } .ld_fancy_heading_69e7641066620 h6 {--element-line-height:15px; } .ld_fancy_heading_69e7641066620 .lqd-highlight-inner{height:0.275em!important;bottom:0px!important;}.ld_fancy_heading_69e7641066620 h6 {font-size:12px; } .ld_fancy_heading_69e7641066620 h6 {line-height:15px; } .ld_fancy_heading_69e7641066620 h6 {--element-line-height:15px; } <\/style><div class=\"ld-fancy-heading text-uppercase ld_fancy_heading_69e7641066620\">\n\t<h6 class=\"ld-fh-element lqd-highlight-underline lqd-highlight-grow-left text-decoration-default\"   >  Praktyka<\/h6><\/div><style>.ld_fancy_heading_69e7641067146 h2 {font-size:36px; } .ld_fancy_heading_69e7641067146 .lqd-highlight-inner{height:0.275em!important;bottom:0px!important;}.ld_fancy_heading_69e7641067146 h2 {font-size:36px; } <\/style><div class=\"ld-fancy-heading ld_fancy_heading_69e7641067146\">\n\t<h2 class=\"ld-fh-element lqd-highlight-underline lqd-highlight-grow-left text-decoration-default\"   >  Rozw\u00f3j biznesu, 4 do 6 miesi\u0119cy<\/h2><\/div><style>.ld_icon_box_69e7641067a70 .iconbox-icon-container{color:rgb(10, 219, 245);border-radius:px;}.ld_icon_box_69e7641067a70 h3{margin-bottom:px;}.ld_icon_box_69e7641067a70 .iconbox-icon-container img,.ld_icon_box_69e7641067a70 .iconbox-icon-container > svg{width:40px !important;}<\/style>\n<div class=\"iconbox iconbox-side text-align-default ld_icon_box_69e7641067a70\" id=\"ld_icon_box_69e7641067a70\"  data-animated-svg=\"true\" data-animate-icon=\"true\" data-plugin-options='{\"file\":\"https:\\\/\\\/xlrecycling.com\\\/wp-content\\\/plugins\\\/hub-core\\\/assets\\\/vendors\\\/animated-icons\\\/svg\\\/basic_geolocalize-01.svg\",\"color\":\"rgb(10, 219, 245)\"}'  >\n\t\n\t\t\t\t\t\n\t\n\t<div class=\"iconbox-icon-wrap\"><span class=\"iconbox-icon-container\"><\/span><\/div>\t\n\t\t\n\t<div class=\"contents\">\t\n\t\t\n\t<h3 class=\"\">Paris<\/h3>\t<p>Trocad\u00e9ro<\/p>\n\t\t\n\t<\/div>\t\n\t\n<\/div>\n<style>.ld_button_69e764106ef6d.btn-icon-solid:hover .btn-icon{background:rgb(51, 51, 110);}.ld_button_69e764106ef6d:hover{background-color:rgb(51, 51, 110);border-color:rgb(51, 51, 110);}.ld_button_69e764106ef6d .btn-gradient-bg-hover{background:-webkit-linear-gradient(to right, rgb(51, 51, 110) 0%, rgb(51, 51, 110) 100%);background:linear-gradient(to right, rgb(51, 51, 110) 0%, rgb(51, 51, 110) 100%);}.ld_button_69e764106ef6d:hover .btn-gradient-border defs stop:first-child{stop-color:rgb(51, 51, 110);}.ld_button_69e764106ef6d:hover .btn-gradient-border defs stop:last-child{stop-color:rgb(51, 51, 110);}<\/style><a href=\"\/wp-content\/uploads\/2022\/06\/Stage-Developpement-commercial-\u2013-4-a-6-mois.pdf\" target=\"_blank\" class=\"btn btn-solid circle border-thin btn-has-label ld_button_69e764106ef6d\" >\n\t<span>\n\t\t\n\t\t\t\t\t<span class=\"btn-txt\" data-text=\"Zobacz ofert\u0119\" >Zobacz ofert\u0119<\/span>\n\t\t\t\n\t<span class=\"btn-icon\"><i class=\"lqd-icn-ess icon-md-arrow-forward\"><\/i><\/span>\t\t\t\t<\/span>\n<\/a>\n[\/vc_column][vc_column width=&#8221;1\/6&#8243;][\/vc_column][\/vc_row][vc_row css=&#8221;.vc_custom_1655901686221{padding-top: 70px !important;padding-right: 40px !important;padding-bottom: 70px !important;padding-left: 40px !important;}&#8221;][vc_column width=&#8221;1\/6&#8243;][\/vc_column][vc_column width=&#8221;1\/4&#8243;][vc_single_image image=&#8221;6509&#8243; alignment=&#8221;left&#8221; css=&#8221;.vc_custom_1655901759326{margin-bottom: 0px !important;padding-bottom: 15px !important;}&#8221;][\/vc_column][vc_column width=&#8221;5\/12&#8243; css=&#8221;.vc_custom_1655901679565{padding-bottom: 30px !important;}&#8221;]<style>.ld_fancy_heading_69e764107032b h6{color:rgb(51, 51, 110);}.ld_fancy_heading_69e764107032b h6 {font-size:12px; } .ld_fancy_heading_69e764107032b h6 {line-height:15px; } .ld_fancy_heading_69e764107032b h6 {--element-line-height:15px; } .ld_fancy_heading_69e764107032b .lqd-highlight-inner{height:0.275em!important;bottom:0px!important;}.ld_fancy_heading_69e764107032b h6 {font-size:12px; } .ld_fancy_heading_69e764107032b h6 {line-height:15px; } .ld_fancy_heading_69e764107032b h6 {--element-line-height:15px; } <\/style><div class=\"ld-fancy-heading text-uppercase ld_fancy_heading_69e764107032b\">\n\t<h6 class=\"ld-fh-element lqd-highlight-underline lqd-highlight-grow-left text-decoration-default\"   >  Umowa na czas nieokre\u015blony<\/h6><\/div><style>.ld_fancy_heading_69e76410716aa h2 {font-size:36px; } .ld_fancy_heading_69e76410716aa .lqd-highlight-inner{height:0.275em!important;bottom:0px!important;}.ld_fancy_heading_69e76410716aa h2 {font-size:36px; } <\/style><div class=\"ld-fancy-heading ld_fancy_heading_69e76410716aa\">\n\t<h2 class=\"ld-fh-element lqd-highlight-underline lqd-highlight-grow-left text-decoration-default\"   >  Pozycja kierowcy liniowego XL Recycling<\/h2><\/div><style>.ld_icon_box_69e76410728f3 .iconbox-icon-container{color:rgb(10, 219, 245);border-radius:px;}.ld_icon_box_69e76410728f3 h3{margin-bottom:px;}.ld_icon_box_69e76410728f3 .iconbox-icon-container img,.ld_icon_box_69e76410728f3 .iconbox-icon-container > svg{width:40px !important;}<\/style>\n<div class=\"iconbox iconbox-side text-align-default ld_icon_box_69e76410728f3\" id=\"ld_icon_box_69e76410728f3\"  data-animated-svg=\"true\" data-animate-icon=\"true\" data-plugin-options='{\"file\":\"https:\\\/\\\/xlrecycling.com\\\/wp-content\\\/plugins\\\/hub-core\\\/assets\\\/vendors\\\/animated-icons\\\/svg\\\/basic_geolocalize-01.svg\",\"color\":\"rgb(10, 219, 245)\"}'  >\n\t\n\t\t\t\t\t\n\t\n\t<div class=\"iconbox-icon-wrap\"><span class=\"iconbox-icon-container\"><\/span><\/div>\t\n\t\t\n\t<div class=\"contents\">\t\n\t\t\n\t<h3 class=\"\">Loire<\/h3>\t<p>Montbrison<\/p>\n\t\t\n\t<\/div>\t\n\t\n<\/div>\n<style>.ld_button_69e7641078cbd.btn-icon-solid:hover .btn-icon{background:rgb(51, 51, 110);}.ld_button_69e7641078cbd:hover{background-color:rgb(51, 51, 110);border-color:rgb(51, 51, 110);}.ld_button_69e7641078cbd .btn-gradient-bg-hover{background:-webkit-linear-gradient(to right, rgb(51, 51, 110) 0%, rgb(51, 51, 110) 100%);background:linear-gradient(to right, rgb(51, 51, 110) 0%, rgb(51, 51, 110) 100%);}.ld_button_69e7641078cbd:hover .btn-gradient-border defs stop:first-child{stop-color:rgb(51, 51, 110);}.ld_button_69e7641078cbd:hover .btn-gradient-border defs stop:last-child{stop-color:rgb(51, 51, 110);}<\/style><a href=\"\/wp-content\/uploads\/2022\/06\/Poste-de-conducteur-de-ligne-XL-Recycling.pdf\" target=\"_blank\" class=\"btn btn-solid circle border-thin btn-has-label ld_button_69e7641078cbd\" >\n\t<span>\n\t\t\n\t\t\t\t\t<span class=\"btn-txt\" data-text=\"Zobacz ofert\u0119\" >Zobacz ofert\u0119<\/span>\n\t\t\t\n\t<span class=\"btn-icon\"><i class=\"lqd-icn-ess icon-md-arrow-forward\"><\/i><\/span>\t\t\t\t<\/span>\n<\/a>\n[\/vc_column][vc_column width=&#8221;1\/6&#8243;][\/vc_column][\/vc_row]<\/p>\n","protected":false},"excerpt":{"rendered":"<p>[vc_row bg_position=&#8221;center center&#8221; enable_overlay=&#8221;yes&#8221; enable_loading_bg=&#8221;yes&#8221; css=&#8221;.vc_custom_1656511494630{padding-top: 80px !important;padding-bottom: 80px !important;background-color: #33336e !important;background-position: center !important;background-repeat: no-repeat !important;background-size: cover !important;}&#8221; overlay_bg=&#8221;rgba(47, 49, 123, 0.3)&#8221; responsive_css=&#8221;padding_top_large:200px|padding_bottom_large:110px|padding_top_medium:200px|padding_bottom_medium:110px|padding_top_small:110px|padding_bottom_small:110px&#8221;][vc_column align=&#8221;text-center&#8221; offset=&#8221;vc_col-md-offset-1 vc_col-md-10&#8243; css=&#8221;.vc_custom_1655306963457{padding-right: 30px !important;padding-left: 30px !important;background-position: 0 0 !important;background-repeat: no-repeat !important;}&#8221; responsive_align=&#8221;text-center&#8221;][\/vc_column][\/vc_row][vc_row css=&#8221;.vc_custom_1655901185668{padding-top: 70px !important;padding-right: 40px !important;padding-left: 40px !important;}&#8221;][vc_column width=&#8221;1\/6&#8243;][\/vc_column][vc_column width=&#8221;1\/4&#8243;][vc_single_image image=&#8221;6509&#8243; alignment=&#8221;left&#8221; css=&#8221;.vc_custom_1655901755685{margin-bottom: 0px !important;padding-bottom: 15px !important;}&#8221;][\/vc_column][vc_column width=&#8221;5\/12&#8243; css=&#8221;.vc_custom_1655901711619{border-bottom-width: [&hellip;]<\/p>\n","protected":false},"author":1,"featured_media":0,"parent":0,"menu_order":0,"comment_status":"closed","ping_status":"closed","template":"","meta":[],"yoast_head":"<!-- This site is optimized with the Yoast SEO plugin v19.1 - https:\/\/yoast.com\/wordpress\/plugins\/seo\/ -->\n<title>Do\u0142\u0105cz do nas - XLRecycling<\/title>\n<meta name=\"description\" content=\"XL Recycling recrute, consultez nos diff\u00e9rentes offres de postes\" \/>\n<meta name=\"robots\" content=\"index, follow, max-snippet:-1, max-image-preview:large, max-video-preview:-1\" \/>\n<link rel=\"canonical\" href=\"https:\/\/xlrecycling.com\/pl\/dolacz-do-nas\/\" \/>\n<meta property=\"og:locale\" content=\"pl_PL\" \/>\n<meta property=\"og:type\" content=\"article\" \/>\n<meta property=\"og:title\" content=\"Do\u0142\u0105cz do nas - XLRecycling\" \/>\n<meta property=\"og:description\" content=\"XL Recycling recrute, consultez nos diff\u00e9rentes offres de postes\" \/>\n<meta property=\"og:url\" content=\"https:\/\/xlrecycling.com\/pl\/dolacz-do-nas\/\" \/>\n<meta property=\"og:site_name\" content=\"XLRecycling\" \/>\n<meta property=\"article:modified_time\" content=\"2022-09-10T10:25:06+00:00\" \/>\n<meta name=\"twitter:card\" content=\"summary_large_image\" \/>\n<meta name=\"twitter:label1\" content=\"Szacowany czas czytania\" \/>\n\t<meta name=\"twitter:data1\" content=\"1 minuta\" \/>\n<script type=\"application\/ld+json\" class=\"yoast-schema-graph\">{\"@context\":\"https:\/\/schema.org\",\"@graph\":[{\"@type\":\"Organization\",\"@id\":\"https:\/\/xlrecycling.com\/#organization\",\"name\":\"XL Recycling\",\"url\":\"https:\/\/xlrecycling.com\/\",\"sameAs\":[],\"logo\":{\"@type\":\"ImageObject\",\"inLanguage\":\"pl-PL\",\"@id\":\"https:\/\/xlrecycling.com\/#\/schema\/logo\/image\/\",\"url\":\"https:\/\/xlrecycling.com\/wp-content\/uploads\/2026\/04\/202106_LogoRVB_XLR-3.png\",\"contentUrl\":\"https:\/\/xlrecycling.com\/wp-content\/uploads\/2026\/04\/202106_LogoRVB_XLR-3.png\",\"width\":3813,\"height\":1085,\"caption\":\"XL Recycling\"},\"image\":{\"@id\":\"https:\/\/xlrecycling.com\/#\/schema\/logo\/image\/\"}},{\"@type\":\"WebSite\",\"@id\":\"https:\/\/xlrecycling.com\/#website\",\"url\":\"https:\/\/xlrecycling.com\/\",\"name\":\"XLRecycling\",\"description\":\"Expert du recyclage des films plastiques en poly\u00e9thyl\u00e8ne\",\"publisher\":{\"@id\":\"https:\/\/xlrecycling.com\/#organization\"},\"potentialAction\":[{\"@type\":\"SearchAction\",\"target\":{\"@type\":\"EntryPoint\",\"urlTemplate\":\"https:\/\/xlrecycling.com\/?s={search_term_string}\"},\"query-input\":\"required name=search_term_string\"}],\"inLanguage\":\"pl-PL\"},{\"@type\":\"WebPage\",\"@id\":\"https:\/\/xlrecycling.com\/pl\/dolacz-do-nas\/#webpage\",\"url\":\"https:\/\/xlrecycling.com\/pl\/dolacz-do-nas\/\",\"name\":\"Do\u0142\u0105cz do nas - XLRecycling\",\"isPartOf\":{\"@id\":\"https:\/\/xlrecycling.com\/#website\"},\"datePublished\":\"2022-06-22T12:29:57+00:00\",\"dateModified\":\"2022-09-10T10:25:06+00:00\",\"description\":\"XL Recycling recrute, consultez nos diff\u00e9rentes offres de postes\",\"breadcrumb\":{\"@id\":\"https:\/\/xlrecycling.com\/pl\/dolacz-do-nas\/#breadcrumb\"},\"inLanguage\":\"pl-PL\",\"potentialAction\":[{\"@type\":\"ReadAction\",\"target\":[\"https:\/\/xlrecycling.com\/pl\/dolacz-do-nas\/\"]}]},{\"@type\":\"BreadcrumbList\",\"@id\":\"https:\/\/xlrecycling.com\/pl\/dolacz-do-nas\/#breadcrumb\",\"itemListElement\":[{\"@type\":\"ListItem\",\"position\":1,\"name\":\"Accueil\",\"item\":\"https:\/\/xlrecycling.com\/pl\/\"},{\"@type\":\"ListItem\",\"position\":2,\"name\":\"Do\u0142\u0105cz do nas\"}]}]}<\/script>\n<!-- \/ Yoast SEO plugin. -->","yoast_head_json":{"title":"Do\u0142\u0105cz do nas - XLRecycling","description":"XL Recycling recrute, consultez nos diff\u00e9rentes offres de postes","robots":{"index":"index","follow":"follow","max-snippet":"max-snippet:-1","max-image-preview":"max-image-preview:large","max-video-preview":"max-video-preview:-1"},"canonical":"https:\/\/xlrecycling.com\/pl\/dolacz-do-nas\/","og_locale":"pl_PL","og_type":"article","og_title":"Do\u0142\u0105cz do nas - XLRecycling","og_description":"XL Recycling recrute, consultez nos diff\u00e9rentes offres de postes","og_url":"https:\/\/xlrecycling.com\/pl\/dolacz-do-nas\/","og_site_name":"XLRecycling","article_modified_time":"2022-09-10T10:25:06+00:00","twitter_card":"summary_large_image","twitter_misc":{"Szacowany czas czytania":"1 minuta"},"schema":{"@context":"https:\/\/schema.org","@graph":[{"@type":"Organization","@id":"https:\/\/xlrecycling.com\/#organization","name":"XL Recycling","url":"https:\/\/xlrecycling.com\/","sameAs":[],"logo":{"@type":"ImageObject","inLanguage":"pl-PL","@id":"https:\/\/xlrecycling.com\/#\/schema\/logo\/image\/","url":"https:\/\/xlrecycling.com\/wp-content\/uploads\/2026\/04\/202106_LogoRVB_XLR-3.png","contentUrl":"https:\/\/xlrecycling.com\/wp-content\/uploads\/2026\/04\/202106_LogoRVB_XLR-3.png","width":3813,"height":1085,"caption":"XL Recycling"},"image":{"@id":"https:\/\/xlrecycling.com\/#\/schema\/logo\/image\/"}},{"@type":"WebSite","@id":"https:\/\/xlrecycling.com\/#website","url":"https:\/\/xlrecycling.com\/","name":"XLRecycling","description":"Expert du recyclage des films plastiques en poly\u00e9thyl\u00e8ne","publisher":{"@id":"https:\/\/xlrecycling.com\/#organization"},"potentialAction":[{"@type":"SearchAction","target":{"@type":"EntryPoint","urlTemplate":"https:\/\/xlrecycling.com\/?s={search_term_string}"},"query-input":"required name=search_term_string"}],"inLanguage":"pl-PL"},{"@type":"WebPage","@id":"https:\/\/xlrecycling.com\/pl\/dolacz-do-nas\/#webpage","url":"https:\/\/xlrecycling.com\/pl\/dolacz-do-nas\/","name":"Do\u0142\u0105cz do nas - XLRecycling","isPartOf":{"@id":"https:\/\/xlrecycling.com\/#website"},"datePublished":"2022-06-22T12:29:57+00:00","dateModified":"2022-09-10T10:25:06+00:00","description":"XL Recycling recrute, consultez nos diff\u00e9rentes offres de postes","breadcrumb":{"@id":"https:\/\/xlrecycling.com\/pl\/dolacz-do-nas\/#breadcrumb"},"inLanguage":"pl-PL","potentialAction":[{"@type":"ReadAction","target":["https:\/\/xlrecycling.com\/pl\/dolacz-do-nas\/"]}]},{"@type":"BreadcrumbList","@id":"https:\/\/xlrecycling.com\/pl\/dolacz-do-nas\/#breadcrumb","itemListElement":[{"@type":"ListItem","position":1,"name":"Accueil","item":"https:\/\/xlrecycling.com\/pl\/"},{"@type":"ListItem","position":2,"name":"Do\u0142\u0105cz do nas"}]}]}},"_links":{"self":[{"href":"https:\/\/xlrecycling.com\/pl\/wp-json\/wp\/v2\/pages\/9055"}],"collection":[{"href":"https:\/\/xlrecycling.com\/pl\/wp-json\/wp\/v2\/pages"}],"about":[{"href":"https:\/\/xlrecycling.com\/pl\/wp-json\/wp\/v2\/types\/page"}],"author":[{"embeddable":true,"href":"https:\/\/xlrecycling.com\/pl\/wp-json\/wp\/v2\/users\/1"}],"replies":[{"embeddable":true,"href":"https:\/\/xlrecycling.com\/pl\/wp-json\/wp\/v2\/comments?post=9055"}],"version-history":[{"count":2,"href":"https:\/\/xlrecycling.com\/pl\/wp-json\/wp\/v2\/pages\/9055\/revisions"}],"predecessor-version":[{"id":9057,"href":"https:\/\/xlrecycling.com\/pl\/wp-json\/wp\/v2\/pages\/9055\/revisions\/9057"}],"wp:attachment":[{"href":"https:\/\/xlrecycling.com\/pl\/wp-json\/wp\/v2\/media?parent=9055"}],"curies":[{"name":"wp","href":"https:\/\/api.w.org\/{rel}","templated":true}]}}